{"id":87113,"date":"2023-05-25T12:32:06","date_gmt":"2023-05-25T12:32:06","guid":{"rendered":"https:\/\/mattmrozowsky.com\/shop\/product\/audiobook-the-sin-of-pride\/"},"modified":"2025-08-26T13:38:25","modified_gmt":"2025-08-26T13:38:25","slug":"audiobook-the-sin-of-pride","status":"publish","type":"product","link":"https:\/\/mattmrozowsky.com\/shop\/product\/audiobook-the-sin-of-pride\/","title":{"rendered":"Audiobook: The Sin of Pride"},"content":{"rendered":"<h2>Audiobook \u201cPride\u201d &#8211; Matt Mrozowsky and Filip Prokop<\/h2>\n<p>Enjoy an extraordinary journey with the audiobook \u201cPride\u201d by Matt Mrozowsky and Filip Prokop. This two-hour story will take you deep into human nature and its most complicated aspect &#8211; pride.<\/p>\n<p>\u201cPride\u201d is an exciting story about one of the most serious limitations we can experience when we achieve success. It is a feeling that lifts us up, gives us a sense of uniqueness and fulfillment. However, in the first second of triumph, pride begins to work against us, posing a threat to our balance and success.<\/p>\n<p>In this audiobook, you will learn how to begin your journey with hubris, how to fight its destructive influence, and how to effectively create defense mechanisms that will allow you to avoid its toxic consequences in the future. The authors reveal the secrets of both the psychology of hubris and practical strategies that will help you not only learn about its essence, but also tame and overcome it.<\/p>\n<p>\u201cPride\u201d is inevitably merciless and can take everything it touches from us. This audiobook journey will reveal to you the truth that pride first allows us to enjoy our achievements and successes, only to then mercilessly take away what we had. Through a narrative full of wisdom and reflection, the authors guide the listener through the various aspects of hubris, showing its impact on our relationships, mental health and self-realization.<\/p>\n<p>Continuously expanding on their ideas, Mrozowsky and Prokop reveal key tools to help you master hubris and create a solid foundation for your success. This is an audiobook for those who want to better understand their emotions, break through limitations and create a harmonious, fulfilling life.<\/p>\n<p>\u201cPride\u201d is a unique work that will speak to your soul and make you reflect on your own development. Get ready for a fascinating journey into yourself, where you will discover powerful tools and strategies to not only prevent the negative effects of pride, but also to achieve authentic balance and fulfillment in your life.<\/p>\n<p>Pride-is a journey into the depths of the only limitation that is born in the moment of success, in the first second of it, and stays until the end, until we are able to squander everything. From this audiobook you will learn how to start it, how to fight it and how to effectively create a defense mechanism so that you don&#8217;t have to worry about it in the future. Yes &#8211; it is hubris that takes everything away from us. First it will let you enjoy yourself, and then it will take everything away from you<\/p>\n<p>&nbsp;<\/p>\n","protected":false},"excerpt":{"rendered":"<p>Audiobook \u201cPride\u201d &#8211; Matt Mrozowsky and Filip Prokop Enjoy an extraordinary journey with the audiobook \u201cPride\u201d by Matt Mrozowsky and Filip Prokop. This two-hour story will take you deep into human nature and its most complicated aspect &#8211; pride. \u201cPride\u201d is an exciting story about one of the most serious limitations we can experience when [&hellip;]<\/p>\n","protected":false},"featured_media":87167,"template":"","meta":{"_acf_changed":false,"content-type":""},"product_brand":[],"product_cat":[67],"product_tag":[],"class_list":{"0":"post-87113","1":"product","2":"type-product","3":"status-publish","4":"has-post-thumbnail","6":"product_cat-audiobooks","8":"first","9":"instock","10":"virtual","11":"sold-individually","12":"taxable","13":"purchasable","14":"product-type-simple"},"acf":[],"yoast_head":"<!-- This site is optimized with the Yoast SEO plugin v27.3 - https:\/\/yoast.com\/product\/yoast-seo-wordpress\/ -->\n<title>Audiobook: The Sin of Pride - Matt Mrozowsky Business Trainer<\/title>\n<meta name=\"robots\" content=\"index, follow, max-snippet:-1, max-image-preview:large, max-video-preview:-1\" \/>\n<link rel=\"canonical\" href=\"https:\/\/mattmrozowsky.com\/shop\/product\/audiobook-the-sin-of-pride\/\" \/>\n<meta property=\"og:locale\" content=\"en_US\" \/>\n<meta property=\"og:type\" content=\"article\" \/>\n<meta property=\"og:title\" content=\"Audiobook: The Sin of Pride - Matt Mrozowsky Business Trainer\" \/>\n<meta property=\"og:description\" content=\"Audiobook \u201cPride\u201d &#8211; Matt Mrozowsky and Filip Prokop Enjoy an extraordinary journey with the audiobook \u201cPride\u201d by Matt Mrozowsky and Filip Prokop. This two-hour story will take you deep into human nature and its most complicated aspect &#8211; pride. \u201cPride\u201d is an exciting story about one of the most serious limitations we can experience when [&hellip;]\" \/>\n<meta property=\"og:url\" content=\"https:\/\/mattmrozowsky.com\/shop\/product\/audiobook-the-sin-of-pride\/\" \/>\n<meta property=\"og:site_name\" content=\"Matt Mrozowsky Business Trainer\" \/>\n<meta property=\"article:modified_time\" content=\"2025-08-26T13:38:25+00:00\" \/>\n<meta property=\"og:image\" content=\"https:\/\/mattmrozowsky.com\/shop\/wp-content\/uploads\/2023\/05\/Audiobook-The-Sin-Of-Pride.png\" \/>\n\t<meta property=\"og:image:width\" content=\"1080\" \/>\n\t<meta property=\"og:image:height\" content=\"1080\" \/>\n\t<meta property=\"og:image:type\" content=\"image\/png\" \/>\n<meta name=\"twitter:card\" content=\"summary_large_image\" \/>\n<meta name=\"twitter:label1\" content=\"Est. reading time\" \/>\n\t<meta name=\"twitter:data1\" content=\"3 minutes\" \/>\n<script type=\"application\/ld+json\" class=\"yoast-schema-graph\">{\"@context\":\"https:\\\/\\\/schema.org\",\"@graph\":[{\"@type\":\"WebPage\",\"@id\":\"https:\\\/\\\/mattmrozowsky.com\\\/shop\\\/product\\\/audiobook-the-sin-of-pride\\\/\",\"url\":\"https:\\\/\\\/mattmrozowsky.com\\\/shop\\\/product\\\/audiobook-the-sin-of-pride\\\/\",\"name\":\"Audiobook: The Sin of Pride - Matt Mrozowsky Business Trainer\",\"isPartOf\":{\"@id\":\"https:\\\/\\\/mattmrozowsky.com\\\/shop\\\/#website\"},\"primaryImageOfPage\":{\"@id\":\"https:\\\/\\\/mattmrozowsky.com\\\/shop\\\/product\\\/audiobook-the-sin-of-pride\\\/#primaryimage\"},\"image\":{\"@id\":\"https:\\\/\\\/mattmrozowsky.com\\\/shop\\\/product\\\/audiobook-the-sin-of-pride\\\/#primaryimage\"},\"thumbnailUrl\":\"https:\\\/\\\/mattmrozowsky.com\\\/shop\\\/wp-content\\\/uploads\\\/2023\\\/05\\\/Audiobook-The-Sin-Of-Pride.png\",\"datePublished\":\"2023-05-25T12:32:06+00:00\",\"dateModified\":\"2025-08-26T13:38:25+00:00\",\"breadcrumb\":{\"@id\":\"https:\\\/\\\/mattmrozowsky.com\\\/shop\\\/product\\\/audiobook-the-sin-of-pride\\\/#breadcrumb\"},\"inLanguage\":\"en-US\",\"potentialAction\":[{\"@type\":\"ReadAction\",\"target\":[\"https:\\\/\\\/mattmrozowsky.com\\\/shop\\\/product\\\/audiobook-the-sin-of-pride\\\/\"]}]},{\"@type\":\"ImageObject\",\"inLanguage\":\"en-US\",\"@id\":\"https:\\\/\\\/mattmrozowsky.com\\\/shop\\\/product\\\/audiobook-the-sin-of-pride\\\/#primaryimage\",\"url\":\"https:\\\/\\\/mattmrozowsky.com\\\/shop\\\/wp-content\\\/uploads\\\/2023\\\/05\\\/Audiobook-The-Sin-Of-Pride.png\",\"contentUrl\":\"https:\\\/\\\/mattmrozowsky.com\\\/shop\\\/wp-content\\\/uploads\\\/2023\\\/05\\\/Audiobook-The-Sin-Of-Pride.png\",\"width\":1080,\"height\":1080},{\"@type\":\"BreadcrumbList\",\"@id\":\"https:\\\/\\\/mattmrozowsky.com\\\/shop\\\/product\\\/audiobook-the-sin-of-pride\\\/#breadcrumb\",\"itemListElement\":[{\"@type\":\"ListItem\",\"position\":1,\"name\":\"Home\",\"item\":\"https:\\\/\\\/mattmrozowsky.com\\\/shop\\\/\"},{\"@type\":\"ListItem\",\"position\":2,\"name\":\"Business training and sales courses\",\"item\":\"https:\\\/\\\/mattmrozowsky.com\\\/shop\\\/\"},{\"@type\":\"ListItem\",\"position\":3,\"name\":\"Audiobook: The Sin of Pride\"}]},{\"@type\":\"WebSite\",\"@id\":\"https:\\\/\\\/mattmrozowsky.com\\\/shop\\\/#website\",\"url\":\"https:\\\/\\\/mattmrozowsky.com\\\/shop\\\/\",\"name\":\"Matt Mrozowsky Business Trainer\",\"description\":\"Walcz\u0119 o wynik dla firm z kt\u00f3rymi wsp\u00f3\u0142pracuj\u0119.\",\"publisher\":{\"@id\":\"https:\\\/\\\/mattmrozowsky.com\\\/shop\\\/#organization\"},\"potentialAction\":[{\"@type\":\"SearchAction\",\"target\":{\"@type\":\"EntryPoint\",\"urlTemplate\":\"https:\\\/\\\/mattmrozowsky.com\\\/shop\\\/?s={search_term_string}\"},\"query-input\":{\"@type\":\"PropertyValueSpecification\",\"valueRequired\":true,\"valueName\":\"search_term_string\"}}],\"inLanguage\":\"en-US\"},{\"@type\":\"Organization\",\"@id\":\"https:\\\/\\\/mattmrozowsky.com\\\/shop\\\/#organization\",\"name\":\"Matt Mrozowsky Business Trainer\",\"url\":\"https:\\\/\\\/mattmrozowsky.com\\\/shop\\\/\",\"logo\":{\"@type\":\"ImageObject\",\"inLanguage\":\"en-US\",\"@id\":\"https:\\\/\\\/mattmrozowsky.com\\\/shop\\\/#\\\/schema\\\/logo\\\/image\\\/\",\"url\":\"https:\\\/\\\/mattmrozowsky.com\\\/shop\\\/wp-content\\\/uploads\\\/2023\\\/05\\\/logo-mattmrozowsky-black.png\",\"contentUrl\":\"https:\\\/\\\/mattmrozowsky.com\\\/shop\\\/wp-content\\\/uploads\\\/2023\\\/05\\\/logo-mattmrozowsky-black.png\",\"width\":202,\"height\":58,\"caption\":\"Matt Mrozowsky Business Trainer\"},\"image\":{\"@id\":\"https:\\\/\\\/mattmrozowsky.com\\\/shop\\\/#\\\/schema\\\/logo\\\/image\\\/\"}}]}<\/script>\n<!-- \/ Yoast SEO plugin. -->","yoast_head_json":{"title":"Audiobook: The Sin of Pride - Matt Mrozowsky Business Trainer","robots":{"index":"index","follow":"follow","max-snippet":"max-snippet:-1","max-image-preview":"max-image-preview:large","max-video-preview":"max-video-preview:-1"},"canonical":"https:\/\/mattmrozowsky.com\/shop\/product\/audiobook-the-sin-of-pride\/","og_locale":"en_US","og_type":"article","og_title":"Audiobook: The Sin of Pride - Matt Mrozowsky Business Trainer","og_description":"Audiobook \u201cPride\u201d &#8211; Matt Mrozowsky and Filip Prokop Enjoy an extraordinary journey with the audiobook \u201cPride\u201d by Matt Mrozowsky and Filip Prokop. This two-hour story will take you deep into human nature and its most complicated aspect &#8211; pride. \u201cPride\u201d is an exciting story about one of the most serious limitations we can experience when [&hellip;]","og_url":"https:\/\/mattmrozowsky.com\/shop\/product\/audiobook-the-sin-of-pride\/","og_site_name":"Matt Mrozowsky Business Trainer","article_modified_time":"2025-08-26T13:38:25+00:00","og_image":[{"width":1080,"height":1080,"url":"https:\/\/mattmrozowsky.com\/shop\/wp-content\/uploads\/2023\/05\/Audiobook-The-Sin-Of-Pride.png","type":"image\/png"}],"twitter_card":"summary_large_image","twitter_misc":{"Est. reading time":"3 minutes"},"schema":{"@context":"https:\/\/schema.org","@graph":[{"@type":"WebPage","@id":"https:\/\/mattmrozowsky.com\/shop\/product\/audiobook-the-sin-of-pride\/","url":"https:\/\/mattmrozowsky.com\/shop\/product\/audiobook-the-sin-of-pride\/","name":"Audiobook: The Sin of Pride - Matt Mrozowsky Business Trainer","isPartOf":{"@id":"https:\/\/mattmrozowsky.com\/shop\/#website"},"primaryImageOfPage":{"@id":"https:\/\/mattmrozowsky.com\/shop\/product\/audiobook-the-sin-of-pride\/#primaryimage"},"image":{"@id":"https:\/\/mattmrozowsky.com\/shop\/product\/audiobook-the-sin-of-pride\/#primaryimage"},"thumbnailUrl":"https:\/\/mattmrozowsky.com\/shop\/wp-content\/uploads\/2023\/05\/Audiobook-The-Sin-Of-Pride.png","datePublished":"2023-05-25T12:32:06+00:00","dateModified":"2025-08-26T13:38:25+00:00","breadcrumb":{"@id":"https:\/\/mattmrozowsky.com\/shop\/product\/audiobook-the-sin-of-pride\/#breadcrumb"},"inLanguage":"en-US","potentialAction":[{"@type":"ReadAction","target":["https:\/\/mattmrozowsky.com\/shop\/product\/audiobook-the-sin-of-pride\/"]}]},{"@type":"ImageObject","inLanguage":"en-US","@id":"https:\/\/mattmrozowsky.com\/shop\/product\/audiobook-the-sin-of-pride\/#primaryimage","url":"https:\/\/mattmrozowsky.com\/shop\/wp-content\/uploads\/2023\/05\/Audiobook-The-Sin-Of-Pride.png","contentUrl":"https:\/\/mattmrozowsky.com\/shop\/wp-content\/uploads\/2023\/05\/Audiobook-The-Sin-Of-Pride.png","width":1080,"height":1080},{"@type":"BreadcrumbList","@id":"https:\/\/mattmrozowsky.com\/shop\/product\/audiobook-the-sin-of-pride\/#breadcrumb","itemListElement":[{"@type":"ListItem","position":1,"name":"Home","item":"https:\/\/mattmrozowsky.com\/shop\/"},{"@type":"ListItem","position":2,"name":"Business training and sales courses","item":"https:\/\/mattmrozowsky.com\/shop\/"},{"@type":"ListItem","position":3,"name":"Audiobook: The Sin of Pride"}]},{"@type":"WebSite","@id":"https:\/\/mattmrozowsky.com\/shop\/#website","url":"https:\/\/mattmrozowsky.com\/shop\/","name":"Matt Mrozowsky Business Trainer","description":"Walcz\u0119 o wynik dla firm z kt\u00f3rymi wsp\u00f3\u0142pracuj\u0119.","publisher":{"@id":"https:\/\/mattmrozowsky.com\/shop\/#organization"},"potentialAction":[{"@type":"SearchAction","target":{"@type":"EntryPoint","urlTemplate":"https:\/\/mattmrozowsky.com\/shop\/?s={search_term_string}"},"query-input":{"@type":"PropertyValueSpecification","valueRequired":true,"valueName":"search_term_string"}}],"inLanguage":"en-US"},{"@type":"Organization","@id":"https:\/\/mattmrozowsky.com\/shop\/#organization","name":"Matt Mrozowsky Business Trainer","url":"https:\/\/mattmrozowsky.com\/shop\/","logo":{"@type":"ImageObject","inLanguage":"en-US","@id":"https:\/\/mattmrozowsky.com\/shop\/#\/schema\/logo\/image\/","url":"https:\/\/mattmrozowsky.com\/shop\/wp-content\/uploads\/2023\/05\/logo-mattmrozowsky-black.png","contentUrl":"https:\/\/mattmrozowsky.com\/shop\/wp-content\/uploads\/2023\/05\/logo-mattmrozowsky-black.png","width":202,"height":58,"caption":"Matt Mrozowsky Business Trainer"},"image":{"@id":"https:\/\/mattmrozowsky.com\/shop\/#\/schema\/logo\/image\/"}}]}},"_links":{"self":[{"href":"https:\/\/mattmrozowsky.com\/shop\/wp-json\/wp\/v2\/product\/87113","targetHints":{"allow":["GET"]}}],"collection":[{"href":"https:\/\/mattmrozowsky.com\/shop\/wp-json\/wp\/v2\/product"}],"about":[{"href":"https:\/\/mattmrozowsky.com\/shop\/wp-json\/wp\/v2\/types\/product"}],"wp:featuredmedia":[{"embeddable":true,"href":"https:\/\/mattmrozowsky.com\/shop\/wp-json\/wp\/v2\/media\/87167"}],"wp:attachment":[{"href":"https:\/\/mattmrozowsky.com\/shop\/wp-json\/wp\/v2\/media?parent=87113"}],"wp:term":[{"taxonomy":"product_brand","embeddable":true,"href":"https:\/\/mattmrozowsky.com\/shop\/wp-json\/wp\/v2\/product_brand?post=87113"},{"taxonomy":"product_cat","embeddable":true,"href":"https:\/\/mattmrozowsky.com\/shop\/wp-json\/wp\/v2\/product_cat?post=87113"},{"taxonomy":"product_tag","embeddable":true,"href":"https:\/\/mattmrozowsky.com\/shop\/wp-json\/wp\/v2\/product_tag?post=87113"}],"curies":[{"name":"wp","href":"https:\/\/api.w.org\/{rel}","templated":true}]}}