{"id":87086,"date":"2023-05-09T10:23:06","date_gmt":"2023-05-09T10:23:06","guid":{"rendered":"https:\/\/mattmrozowsky.com\/shop\/product\/audiobook-entrepreneur-idiot-or-expert\/"},"modified":"2024-02-05T13:25:03","modified_gmt":"2024-02-05T13:25:03","slug":"audiobook-entrepreneur-idiot-or-expert","status":"publish","type":"product","link":"https:\/\/mattmrozowsky.com\/shop\/product\/audiobook-entrepreneur-idiot-or-expert\/","title":{"rendered":"Audiobook: Entrepreneur &#8211; Idiot or Expert?"},"content":{"rendered":"<h2>Audiobook Entrepreneur &#8211; Idiot or Expert<\/h2>\n<p>An award-winning trainer and motivational speaker and business coach Matt Mrozowsky in dialogue with a long-time entrepreneur Filip Prokop discusses the concept of entrepreneurship that allows you to break out of the limitations imposed on you by education, religion and society. A concept that inspires how to unleash courage and creativity whether you&#8217;re running a business now or you are on the job, all laced with scientific research and a dash of humor.<\/p>\n<p>This audiobook is a compelling and thought-provoking audiobook that delves deep into the world of entrepreneurship, exploring the complex and often misunderstood nature of those who dare to pursue their dreams.<\/p>\n<p>Drawing upon his own experiences as a seasoned entrepreneur and a keen observer of the business world, Matt and Filip skillfully navigate the fine line between idiotic mistakes and expert strategies. They challenge conventional wisdom and expose the myths and misconceptions surrounding entrepreneurship, urging listeners to question preconceived notions and embrace a fresh perspective.<\/p>\n<p>Throughout the audiobook, you can get to know a rich tapestry of real-life stories and case studies, featuring both celebrated entrepreneurs and those who failed spectacularly. By examining their successes, failures, and everything in between, he unearths invaluable lessons and key principles that can empower aspiring entrepreneurs to navigate the turbulent waters of business with clarity and confidence.<\/p>\n<p>&#8220;Entrepreneur &#8211; Idiot or Expert&#8221; is more than just a guide to business success; it is a mindset-shifting exploration of personal growth, resilience, and the relentless pursuit of one&#8217;s passions.<\/p>\n","protected":false},"excerpt":{"rendered":"<p>Audiobook Entrepreneur &#8211; Idiot or Expert An award-winning trainer and motivational speaker and business coach Matt Mrozowsky in dialogue with a long-time entrepreneur Filip Prokop discusses the concept of entrepreneurship that allows you to break out of the limitations imposed on you by education, religion and society. A concept that inspires how to unleash courage [&hellip;]<\/p>\n","protected":false},"featured_media":87157,"template":"","meta":{"_acf_changed":false,"content-type":""},"product_brand":[],"product_cat":[67],"product_tag":[],"class_list":{"0":"post-87086","1":"product","2":"type-product","3":"status-publish","4":"has-post-thumbnail","6":"product_cat-audiobooks","8":"first","9":"instock","10":"featured","11":"virtual","12":"sold-individually","13":"taxable","14":"purchasable","15":"product-type-simple"},"acf":[],"yoast_head":"<!-- This site is optimized with the Yoast SEO plugin v27.3 - https:\/\/yoast.com\/product\/yoast-seo-wordpress\/ -->\n<title>Audiobook: Entrepreneur - Idiot or Expert? - Matt Mrozowsky Business Trainer<\/title>\n<meta name=\"robots\" content=\"index, follow, max-snippet:-1, max-image-preview:large, max-video-preview:-1\" \/>\n<link rel=\"canonical\" href=\"https:\/\/mattmrozowsky.com\/shop\/product\/audiobook-entrepreneur-idiot-or-expert\/\" \/>\n<meta property=\"og:locale\" content=\"en_US\" \/>\n<meta property=\"og:type\" content=\"article\" \/>\n<meta property=\"og:title\" content=\"Audiobook: Entrepreneur - Idiot or Expert? - Matt Mrozowsky Business Trainer\" \/>\n<meta property=\"og:description\" content=\"Audiobook Entrepreneur &#8211; Idiot or Expert An award-winning trainer and motivational speaker and business coach Matt Mrozowsky in dialogue with a long-time entrepreneur Filip Prokop discusses the concept of entrepreneurship that allows you to break out of the limitations imposed on you by education, religion and society. A concept that inspires how to unleash courage [&hellip;]\" \/>\n<meta property=\"og:url\" content=\"https:\/\/mattmrozowsky.com\/shop\/product\/audiobook-entrepreneur-idiot-or-expert\/\" \/>\n<meta property=\"og:site_name\" content=\"Matt Mrozowsky Business Trainer\" \/>\n<meta property=\"article:modified_time\" content=\"2024-02-05T13:25:03+00:00\" \/>\n<meta property=\"og:image\" content=\"https:\/\/mattmrozowsky.com\/shop\/wp-content\/uploads\/2023\/05\/Audiobook-Entrepreneur.png\" \/>\n\t<meta property=\"og:image:width\" content=\"1080\" \/>\n\t<meta property=\"og:image:height\" content=\"1080\" \/>\n\t<meta property=\"og:image:type\" content=\"image\/png\" \/>\n<meta name=\"twitter:card\" content=\"summary_large_image\" \/>\n<meta name=\"twitter:label1\" content=\"Est. reading time\" \/>\n\t<meta name=\"twitter:data1\" content=\"2 minutes\" \/>\n<script type=\"application\/ld+json\" class=\"yoast-schema-graph\">{\"@context\":\"https:\\\/\\\/schema.org\",\"@graph\":[{\"@type\":\"WebPage\",\"@id\":\"https:\\\/\\\/mattmrozowsky.com\\\/shop\\\/product\\\/audiobook-entrepreneur-idiot-or-expert\\\/\",\"url\":\"https:\\\/\\\/mattmrozowsky.com\\\/shop\\\/product\\\/audiobook-entrepreneur-idiot-or-expert\\\/\",\"name\":\"Audiobook: Entrepreneur - Idiot or Expert? - Matt Mrozowsky Business Trainer\",\"isPartOf\":{\"@id\":\"https:\\\/\\\/mattmrozowsky.com\\\/shop\\\/#website\"},\"primaryImageOfPage\":{\"@id\":\"https:\\\/\\\/mattmrozowsky.com\\\/shop\\\/product\\\/audiobook-entrepreneur-idiot-or-expert\\\/#primaryimage\"},\"image\":{\"@id\":\"https:\\\/\\\/mattmrozowsky.com\\\/shop\\\/product\\\/audiobook-entrepreneur-idiot-or-expert\\\/#primaryimage\"},\"thumbnailUrl\":\"https:\\\/\\\/mattmrozowsky.com\\\/shop\\\/wp-content\\\/uploads\\\/2023\\\/05\\\/Audiobook-Entrepreneur.png\",\"datePublished\":\"2023-05-09T10:23:06+00:00\",\"dateModified\":\"2024-02-05T13:25:03+00:00\",\"breadcrumb\":{\"@id\":\"https:\\\/\\\/mattmrozowsky.com\\\/shop\\\/product\\\/audiobook-entrepreneur-idiot-or-expert\\\/#breadcrumb\"},\"inLanguage\":\"en-US\",\"potentialAction\":[{\"@type\":\"ReadAction\",\"target\":[\"https:\\\/\\\/mattmrozowsky.com\\\/shop\\\/product\\\/audiobook-entrepreneur-idiot-or-expert\\\/\"]}]},{\"@type\":\"ImageObject\",\"inLanguage\":\"en-US\",\"@id\":\"https:\\\/\\\/mattmrozowsky.com\\\/shop\\\/product\\\/audiobook-entrepreneur-idiot-or-expert\\\/#primaryimage\",\"url\":\"https:\\\/\\\/mattmrozowsky.com\\\/shop\\\/wp-content\\\/uploads\\\/2023\\\/05\\\/Audiobook-Entrepreneur.png\",\"contentUrl\":\"https:\\\/\\\/mattmrozowsky.com\\\/shop\\\/wp-content\\\/uploads\\\/2023\\\/05\\\/Audiobook-Entrepreneur.png\",\"width\":1080,\"height\":1080},{\"@type\":\"BreadcrumbList\",\"@id\":\"https:\\\/\\\/mattmrozowsky.com\\\/shop\\\/product\\\/audiobook-entrepreneur-idiot-or-expert\\\/#breadcrumb\",\"itemListElement\":[{\"@type\":\"ListItem\",\"position\":1,\"name\":\"Home\",\"item\":\"https:\\\/\\\/mattmrozowsky.com\\\/shop\\\/\"},{\"@type\":\"ListItem\",\"position\":2,\"name\":\"Business training and sales courses\",\"item\":\"https:\\\/\\\/mattmrozowsky.com\\\/shop\\\/\"},{\"@type\":\"ListItem\",\"position\":3,\"name\":\"Audiobook: Entrepreneur &#8211; Idiot or Expert?\"}]},{\"@type\":\"WebSite\",\"@id\":\"https:\\\/\\\/mattmrozowsky.com\\\/shop\\\/#website\",\"url\":\"https:\\\/\\\/mattmrozowsky.com\\\/shop\\\/\",\"name\":\"Matt Mrozowsky Business Trainer\",\"description\":\"Walcz\u0119 o wynik dla firm z kt\u00f3rymi wsp\u00f3\u0142pracuj\u0119.\",\"publisher\":{\"@id\":\"https:\\\/\\\/mattmrozowsky.com\\\/shop\\\/#organization\"},\"potentialAction\":[{\"@type\":\"SearchAction\",\"target\":{\"@type\":\"EntryPoint\",\"urlTemplate\":\"https:\\\/\\\/mattmrozowsky.com\\\/shop\\\/?s={search_term_string}\"},\"query-input\":{\"@type\":\"PropertyValueSpecification\",\"valueRequired\":true,\"valueName\":\"search_term_string\"}}],\"inLanguage\":\"en-US\"},{\"@type\":\"Organization\",\"@id\":\"https:\\\/\\\/mattmrozowsky.com\\\/shop\\\/#organization\",\"name\":\"Matt Mrozowsky Business Trainer\",\"url\":\"https:\\\/\\\/mattmrozowsky.com\\\/shop\\\/\",\"logo\":{\"@type\":\"ImageObject\",\"inLanguage\":\"en-US\",\"@id\":\"https:\\\/\\\/mattmrozowsky.com\\\/shop\\\/#\\\/schema\\\/logo\\\/image\\\/\",\"url\":\"https:\\\/\\\/mattmrozowsky.com\\\/shop\\\/wp-content\\\/uploads\\\/2023\\\/05\\\/logo-mattmrozowsky-black.png\",\"contentUrl\":\"https:\\\/\\\/mattmrozowsky.com\\\/shop\\\/wp-content\\\/uploads\\\/2023\\\/05\\\/logo-mattmrozowsky-black.png\",\"width\":202,\"height\":58,\"caption\":\"Matt Mrozowsky Business Trainer\"},\"image\":{\"@id\":\"https:\\\/\\\/mattmrozowsky.com\\\/shop\\\/#\\\/schema\\\/logo\\\/image\\\/\"}}]}<\/script>\n<!-- \/ Yoast SEO plugin. -->","yoast_head_json":{"title":"Audiobook: Entrepreneur - Idiot or Expert? - Matt Mrozowsky Business Trainer","robots":{"index":"index","follow":"follow","max-snippet":"max-snippet:-1","max-image-preview":"max-image-preview:large","max-video-preview":"max-video-preview:-1"},"canonical":"https:\/\/mattmrozowsky.com\/shop\/product\/audiobook-entrepreneur-idiot-or-expert\/","og_locale":"en_US","og_type":"article","og_title":"Audiobook: Entrepreneur - Idiot or Expert? - Matt Mrozowsky Business Trainer","og_description":"Audiobook Entrepreneur &#8211; Idiot or Expert An award-winning trainer and motivational speaker and business coach Matt Mrozowsky in dialogue with a long-time entrepreneur Filip Prokop discusses the concept of entrepreneurship that allows you to break out of the limitations imposed on you by education, religion and society. A concept that inspires how to unleash courage [&hellip;]","og_url":"https:\/\/mattmrozowsky.com\/shop\/product\/audiobook-entrepreneur-idiot-or-expert\/","og_site_name":"Matt Mrozowsky Business Trainer","article_modified_time":"2024-02-05T13:25:03+00:00","og_image":[{"width":1080,"height":1080,"url":"https:\/\/mattmrozowsky.com\/shop\/wp-content\/uploads\/2023\/05\/Audiobook-Entrepreneur.png","type":"image\/png"}],"twitter_card":"summary_large_image","twitter_misc":{"Est. reading time":"2 minutes"},"schema":{"@context":"https:\/\/schema.org","@graph":[{"@type":"WebPage","@id":"https:\/\/mattmrozowsky.com\/shop\/product\/audiobook-entrepreneur-idiot-or-expert\/","url":"https:\/\/mattmrozowsky.com\/shop\/product\/audiobook-entrepreneur-idiot-or-expert\/","name":"Audiobook: Entrepreneur - Idiot or Expert? - Matt Mrozowsky Business Trainer","isPartOf":{"@id":"https:\/\/mattmrozowsky.com\/shop\/#website"},"primaryImageOfPage":{"@id":"https:\/\/mattmrozowsky.com\/shop\/product\/audiobook-entrepreneur-idiot-or-expert\/#primaryimage"},"image":{"@id":"https:\/\/mattmrozowsky.com\/shop\/product\/audiobook-entrepreneur-idiot-or-expert\/#primaryimage"},"thumbnailUrl":"https:\/\/mattmrozowsky.com\/shop\/wp-content\/uploads\/2023\/05\/Audiobook-Entrepreneur.png","datePublished":"2023-05-09T10:23:06+00:00","dateModified":"2024-02-05T13:25:03+00:00","breadcrumb":{"@id":"https:\/\/mattmrozowsky.com\/shop\/product\/audiobook-entrepreneur-idiot-or-expert\/#breadcrumb"},"inLanguage":"en-US","potentialAction":[{"@type":"ReadAction","target":["https:\/\/mattmrozowsky.com\/shop\/product\/audiobook-entrepreneur-idiot-or-expert\/"]}]},{"@type":"ImageObject","inLanguage":"en-US","@id":"https:\/\/mattmrozowsky.com\/shop\/product\/audiobook-entrepreneur-idiot-or-expert\/#primaryimage","url":"https:\/\/mattmrozowsky.com\/shop\/wp-content\/uploads\/2023\/05\/Audiobook-Entrepreneur.png","contentUrl":"https:\/\/mattmrozowsky.com\/shop\/wp-content\/uploads\/2023\/05\/Audiobook-Entrepreneur.png","width":1080,"height":1080},{"@type":"BreadcrumbList","@id":"https:\/\/mattmrozowsky.com\/shop\/product\/audiobook-entrepreneur-idiot-or-expert\/#breadcrumb","itemListElement":[{"@type":"ListItem","position":1,"name":"Home","item":"https:\/\/mattmrozowsky.com\/shop\/"},{"@type":"ListItem","position":2,"name":"Business training and sales courses","item":"https:\/\/mattmrozowsky.com\/shop\/"},{"@type":"ListItem","position":3,"name":"Audiobook: Entrepreneur &#8211; Idiot or Expert?"}]},{"@type":"WebSite","@id":"https:\/\/mattmrozowsky.com\/shop\/#website","url":"https:\/\/mattmrozowsky.com\/shop\/","name":"Matt Mrozowsky Business Trainer","description":"Walcz\u0119 o wynik dla firm z kt\u00f3rymi wsp\u00f3\u0142pracuj\u0119.","publisher":{"@id":"https:\/\/mattmrozowsky.com\/shop\/#organization"},"potentialAction":[{"@type":"SearchAction","target":{"@type":"EntryPoint","urlTemplate":"https:\/\/mattmrozowsky.com\/shop\/?s={search_term_string}"},"query-input":{"@type":"PropertyValueSpecification","valueRequired":true,"valueName":"search_term_string"}}],"inLanguage":"en-US"},{"@type":"Organization","@id":"https:\/\/mattmrozowsky.com\/shop\/#organization","name":"Matt Mrozowsky Business Trainer","url":"https:\/\/mattmrozowsky.com\/shop\/","logo":{"@type":"ImageObject","inLanguage":"en-US","@id":"https:\/\/mattmrozowsky.com\/shop\/#\/schema\/logo\/image\/","url":"https:\/\/mattmrozowsky.com\/shop\/wp-content\/uploads\/2023\/05\/logo-mattmrozowsky-black.png","contentUrl":"https:\/\/mattmrozowsky.com\/shop\/wp-content\/uploads\/2023\/05\/logo-mattmrozowsky-black.png","width":202,"height":58,"caption":"Matt Mrozowsky Business Trainer"},"image":{"@id":"https:\/\/mattmrozowsky.com\/shop\/#\/schema\/logo\/image\/"}}]}},"_links":{"self":[{"href":"https:\/\/mattmrozowsky.com\/shop\/wp-json\/wp\/v2\/product\/87086","targetHints":{"allow":["GET"]}}],"collection":[{"href":"https:\/\/mattmrozowsky.com\/shop\/wp-json\/wp\/v2\/product"}],"about":[{"href":"https:\/\/mattmrozowsky.com\/shop\/wp-json\/wp\/v2\/types\/product"}],"wp:featuredmedia":[{"embeddable":true,"href":"https:\/\/mattmrozowsky.com\/shop\/wp-json\/wp\/v2\/media\/87157"}],"wp:attachment":[{"href":"https:\/\/mattmrozowsky.com\/shop\/wp-json\/wp\/v2\/media?parent=87086"}],"wp:term":[{"taxonomy":"product_brand","embeddable":true,"href":"https:\/\/mattmrozowsky.com\/shop\/wp-json\/wp\/v2\/product_brand?post=87086"},{"taxonomy":"product_cat","embeddable":true,"href":"https:\/\/mattmrozowsky.com\/shop\/wp-json\/wp\/v2\/product_cat?post=87086"},{"taxonomy":"product_tag","embeddable":true,"href":"https:\/\/mattmrozowsky.com\/shop\/wp-json\/wp\/v2\/product_tag?post=87086"}],"curies":[{"name":"wp","href":"https:\/\/api.w.org\/{rel}","templated":true}]}}