{"id":87101,"date":"2023-05-25T09:57:46","date_gmt":"2023-05-25T09:57:46","guid":{"rendered":"https:\/\/mattmrozowsky.com\/shop\/?page_id=87101"},"modified":"2023-06-19T19:38:05","modified_gmt":"2023-06-19T19:38:05","slug":"student-registration","status":"publish","type":"page","link":"https:\/\/mattmrozowsky.com\/shop\/student-registration\/","title":{"rendered":"Student registration"},"content":{"rendered":"\n\n\t<div id=\"tutor-registration-wrap\">\n\n\t\t\n\t\t<form method=\"post\" enctype=\"multipart\/form-data\" id=\"tutor-registration-form\">\n\t\t\t<input type=\"hidden\" name=\"tutor_course_enroll_attempt\" value=\"\">\n\t\t\t\n\t\t\t<input type=\"hidden\" id=\"_tutor_nonce\" name=\"_tutor_nonce\" value=\"96d073b8ae\" \/><input type=\"hidden\" name=\"_wp_http_referer\" value=\"\/shop\/wp-json\/wp\/v2\/pages\/87101\" \/>\t\t\t<input type=\"hidden\" value=\"tutor_register_student\" name=\"tutor_action\"\/>\n\n\t\t\t\n\t\t\t<div class=\"tutor-form-row\">\n\t\t\t\t<div class=\"tutor-form-col-6\">\n\t\t\t\t\t<div class=\"tutor-form-group\">\n\t\t\t\t\t\t<label>\n\t\t\t\t\t\t\tFirst Name\t\t\t\t\t\t<\/label>\n\n\t\t\t\t\t\t<input type=\"text\" name=\"first_name\" value=\"\" placeholder=\"First Name\" required autocomplete=\"given-name\">\n\t\t\t\t\t<\/div>\n\t\t\t\t<\/div>\n\n\t\t\t\t<div class=\"tutor-form-col-6\">\n\t\t\t\t\t<div class=\"tutor-form-group\">\n\t\t\t\t\t\t<label>\n\t\t\t\t\t\t\tLast Name\t\t\t\t\t\t<\/label>\n\n\t\t\t\t\t\t<input type=\"text\" name=\"last_name\" value=\"\" placeholder=\"Last Name\" required autocomplete=\"family-name\">\n\t\t\t\t\t<\/div>\n\t\t\t\t<\/div>\n\n\t\t\t<\/div>\n\n\t\t\t<div class=\"tutor-form-row\">\n\t\t\t\t<div class=\"tutor-form-col-6\">\n\t\t\t\t\t<div class=\"tutor-form-group\">\n\t\t\t\t\t\t<label>\n\t\t\t\t\t\t\tUser Name\t\t\t\t\t\t<\/label>\n\n\t\t\t\t\t\t<input type=\"text\" name=\"user_login\" class=\"tutor_user_name\" value=\"\" placeholder=\"User Name\" required autocomplete=\"username\">\n\t\t\t\t\t<\/div>\n\t\t\t\t<\/div>\n\n\t\t\t\t<div class=\"tutor-form-col-6\">\n\t\t\t\t\t<div class=\"tutor-form-group\">\n\t\t\t\t\t\t<label>\n\t\t\t\t\t\t\tE-Mail\t\t\t\t\t\t<\/label>\n\n\t\t\t\t\t\t<input type=\"text\" name=\"email\" value=\"\" placeholder=\"E-Mail\" required autocomplete=\"email\">\n\t\t\t\t\t<\/div>\n\t\t\t\t<\/div>\n\n\t\t\t<\/div>\n\n\t\t\t<div class=\"tutor-form-row\">\n\t\t\t\t<div class=\"tutor-form-col-6\">\n\t\t\t\t\t<div class=\"tutor-form-group\">\n\t\t\t\t\t\t<div class=\"tutor-password-strength-checker\">\n\t\t\t\t\t\t\t<div class=\"tutor-password-field\">\n\t\t\t\t\t\t\t\t<label>\n\t\t\t\t\t\t\t\t\tPassword\t\t\t\t\t\t\t\t<\/label>\n\n\t\t\t\t\t\t\t\t<input class=\"password-checker\" id=\"tutor-new-password\" type=\"password\" name=\"password\" value=\"\" placeholder=\"Password\" required autocomplete=\"new-password\" style=\"margin-bottom: 0;\">\n\t\t\t\t\t\t\t\t<span class=\"show-hide-btn\"><\/span>\n\t\t\t\t\t\t\t<\/div>\n\n\t\t\t\t\t\t\t<div class=\"tutor-password-strength-hint\">\n\t\t\t\t\t\t\t\t<div class=\"indicator\">\n\t\t\t\t\t\t\t\t\t<span class=\"weak\"><\/span>\n\t\t\t\t\t\t\t\t\t<span class=\"medium\"><\/span>\n\t\t\t\t\t\t\t\t\t<span class=\"strong\"><\/span>\n\t\t\t\t\t\t\t\t<\/div>\n\t\t\t\t\t\t\t\t<div class=\"text tutor-fs-7 tutor-color-muted\"><\/div>\n\t\t\t\t\t\t\t<\/div>\n\t\t\t\t\t\t<\/div>\n\t\t\t\t\t<\/div>\n\t\t\t\t<\/div>\n\n\t\t\t\t<div class=\"tutor-form-col-6\">\n\t\t\t\t\t<div class=\"tutor-form-group\">\n\t\t\t\t\t\t<label>\n\t\t\t\t\t\t\tPassword confirmation\t\t\t\t\t\t<\/label>\n\n\t\t\t\t\t\t<div class=\"tutor-form-wrap\">\n\t\t\t\t\t\t\t<span class=\"tutor-validation-icon tutor-icon-mark tutor-color-success tutor-form-icon tutor-form-icon-reverse\" style=\"display: none;\"><\/span>\n\t\t\t\t\t\t\t<input type=\"password\" name=\"password_confirmation\" value=\"\" placeholder=\"Password Confirmation\" required autocomplete=\"new-password\" style=\"margin-bottom: 0;\">\n\t\t\t\t\t\t<\/div>\n\t\t\t\t\t<\/div>\n\t\t\t\t<\/div>\n\t\t\t<\/div>\n\n\n\t\t\t<div class=\"tutor-form-row\">\n\t\t\t\t<div class=\"tutor-form-col-12\">\n\t\t\t\t\t<div class=\"tutor-form-group\">\n\t\t\t\t\t\t\t<div id=\"cf-turnstile-1299417018\"\r\n\t\tclass=\"cf-turnstile\" \t\tdata-sitekey=\"0x4AAAAAAB3yT6mHqKaUu979\"\r\n\t\tdata-theme=\"light\"\r\n\t\tdata-language=\"auto\"\r\n\t\tdata-size=\"normal\"\r\n\t\tdata-retry=\"auto\" data-retry-interval=\"1000\"\r\n\t\tdata-refresh-expired=\"auto\"\r\n\t\tdata-refresh-timeout=\"auto\"\r\n\t\tdata-action=\"wordpress-register\"\r\n\t\tdata-callback=\"turnstileWPCallback\"\r\n\t\t\t\tdata-appearance=\"always\"><\/div>\r\n\t\t\t<script>document.addEventListener(\"DOMContentLoaded\", function() { setTimeout(function(){ var e=document.getElementById(\"cf-turnstile-1299417018\"); if(e&&!e.innerHTML.trim()){turnstile.render(e, {sitekey:\"0x4AAAAAAB3yT6mHqKaUu979\"});} }, 200); });<\/script>\r\n\t\t\t<br class=\"cf-turnstile-br cf-turnstile-br-1299417018\">\r\n\t\t\t\t<style>#cf-turnstile-1299417018 { margin-left: -15px; }<\/style>\r\n\t\t\t\t\t\t\t<\/div>\n\t\t\t\t<\/div>\n\t\t\t<\/div>    \n\n\t\t\t\n\t\t\t\t\t\t\t\t\t\t<div class=\"tutor-mb-24\">\n\t\t\t\t\tBy signing up, I agree with the website&#039;s <a target=\"_blank\" href=\"https:\/\/mattmrozowsky.com\/shop\/regulations\/\" title=\"Terms and Conditions\">Terms and Conditions<\/a>\n\t\t\t\t<\/div>\n\t\t\t\n\t\t\t<div>\n\t\t\t\t<button type=\"submit\" name=\"tutor_register_student_btn\" value=\"register\" class=\"tutor-btn tutor-btn-primary tutor-btn-block\">Register<\/button>\n\t\t\t<\/div>\n\t\t\t\t\t\t\n\t\t<\/form>\n\t\t\t\t\n\t<\/div>\n\t","protected":false},"excerpt":{"rendered":"<p>First Name Last Name User Name E-Mail Password Password confirmation By signing up, I agree with the website&#039;s Terms and Conditions Register<\/p>\n","protected":false},"author":2625,"featured_media":0,"parent":0,"menu_order":0,"comment_status":"closed","ping_status":"closed","template":"","meta":{"_acf_changed":false,"content-type":"","footnotes":""},"class_list":["post-87101","page","type-page","status-publish","hentry"],"acf":[],"yoast_head":"<!-- This site is optimized with the Yoast SEO plugin v27.3 - https:\/\/yoast.com\/product\/yoast-seo-wordpress\/ -->\n<title>Student registration - Matt Mrozowsky Business Trainer<\/title>\n<meta name=\"robots\" content=\"noindex, nofollow\" \/>\n<meta property=\"og:locale\" content=\"en_US\" \/>\n<meta property=\"og:type\" content=\"article\" \/>\n<meta property=\"og:title\" content=\"Student registration - Matt Mrozowsky Business Trainer\" \/>\n<meta property=\"og:description\" content=\"First Name Last Name User Name E-Mail Password Password confirmation By signing up, I agree with the website&#039;s Terms and Conditions Register\" \/>\n<meta property=\"og:url\" content=\"https:\/\/mattmrozowsky.com\/shop\/student-registration\/\" \/>\n<meta property=\"og:site_name\" content=\"Matt Mrozowsky Business Trainer\" \/>\n<meta property=\"article:modified_time\" content=\"2023-06-19T19:38:05+00:00\" \/>\n<meta name=\"twitter:card\" content=\"summary_large_image\" \/>\n<script type=\"application\/ld+json\" class=\"yoast-schema-graph\">{\"@context\":\"https:\\\/\\\/schema.org\",\"@graph\":[{\"@type\":\"WebPage\",\"@id\":\"https:\\\/\\\/mattmrozowsky.com\\\/shop\\\/student-registration\\\/\",\"url\":\"https:\\\/\\\/mattmrozowsky.com\\\/shop\\\/student-registration\\\/\",\"name\":\"Student registration - Matt Mrozowsky Business Trainer\",\"isPartOf\":{\"@id\":\"https:\\\/\\\/mattmrozowsky.com\\\/shop\\\/#website\"},\"datePublished\":\"2023-05-25T09:57:46+00:00\",\"dateModified\":\"2023-06-19T19:38:05+00:00\",\"breadcrumb\":{\"@id\":\"https:\\\/\\\/mattmrozowsky.com\\\/shop\\\/student-registration\\\/#breadcrumb\"},\"inLanguage\":\"en-US\",\"potentialAction\":[{\"@type\":\"ReadAction\",\"target\":[\"https:\\\/\\\/mattmrozowsky.com\\\/shop\\\/student-registration\\\/\"]}]},{\"@type\":\"BreadcrumbList\",\"@id\":\"https:\\\/\\\/mattmrozowsky.com\\\/shop\\\/student-registration\\\/#breadcrumb\",\"itemListElement\":[{\"@type\":\"ListItem\",\"position\":1,\"name\":\"Home\",\"item\":\"https:\\\/\\\/mattmrozowsky.com\\\/shop\\\/\"},{\"@type\":\"ListItem\",\"position\":2,\"name\":\"Student registration\"}]},{\"@type\":\"WebSite\",\"@id\":\"https:\\\/\\\/mattmrozowsky.com\\\/shop\\\/#website\",\"url\":\"https:\\\/\\\/mattmrozowsky.com\\\/shop\\\/\",\"name\":\"Matt Mrozowsky Business Trainer\",\"description\":\"Walcz\u0119 o wynik dla firm z kt\u00f3rymi wsp\u00f3\u0142pracuj\u0119.\",\"publisher\":{\"@id\":\"https:\\\/\\\/mattmrozowsky.com\\\/shop\\\/#organization\"},\"potentialAction\":[{\"@type\":\"SearchAction\",\"target\":{\"@type\":\"EntryPoint\",\"urlTemplate\":\"https:\\\/\\\/mattmrozowsky.com\\\/shop\\\/?s={search_term_string}\"},\"query-input\":{\"@type\":\"PropertyValueSpecification\",\"valueRequired\":true,\"valueName\":\"search_term_string\"}}],\"inLanguage\":\"en-US\"},{\"@type\":\"Organization\",\"@id\":\"https:\\\/\\\/mattmrozowsky.com\\\/shop\\\/#organization\",\"name\":\"Matt Mrozowsky Business Trainer\",\"url\":\"https:\\\/\\\/mattmrozowsky.com\\\/shop\\\/\",\"logo\":{\"@type\":\"ImageObject\",\"inLanguage\":\"en-US\",\"@id\":\"https:\\\/\\\/mattmrozowsky.com\\\/shop\\\/#\\\/schema\\\/logo\\\/image\\\/\",\"url\":\"https:\\\/\\\/mattmrozowsky.com\\\/shop\\\/wp-content\\\/uploads\\\/2023\\\/05\\\/logo-mattmrozowsky-black.png\",\"contentUrl\":\"https:\\\/\\\/mattmrozowsky.com\\\/shop\\\/wp-content\\\/uploads\\\/2023\\\/05\\\/logo-mattmrozowsky-black.png\",\"width\":202,\"height\":58,\"caption\":\"Matt Mrozowsky Business Trainer\"},\"image\":{\"@id\":\"https:\\\/\\\/mattmrozowsky.com\\\/shop\\\/#\\\/schema\\\/logo\\\/image\\\/\"}}]}<\/script>\n<!-- \/ Yoast SEO plugin. -->","yoast_head_json":{"title":"Student registration - Matt Mrozowsky Business Trainer","robots":{"index":"noindex","follow":"nofollow"},"og_locale":"en_US","og_type":"article","og_title":"Student registration - Matt Mrozowsky Business Trainer","og_description":"First Name Last Name User Name E-Mail Password Password confirmation By signing up, I agree with the website&#039;s Terms and Conditions Register","og_url":"https:\/\/mattmrozowsky.com\/shop\/student-registration\/","og_site_name":"Matt Mrozowsky Business Trainer","article_modified_time":"2023-06-19T19:38:05+00:00","twitter_card":"summary_large_image","schema":{"@context":"https:\/\/schema.org","@graph":[{"@type":"WebPage","@id":"https:\/\/mattmrozowsky.com\/shop\/student-registration\/","url":"https:\/\/mattmrozowsky.com\/shop\/student-registration\/","name":"Student registration - Matt Mrozowsky Business Trainer","isPartOf":{"@id":"https:\/\/mattmrozowsky.com\/shop\/#website"},"datePublished":"2023-05-25T09:57:46+00:00","dateModified":"2023-06-19T19:38:05+00:00","breadcrumb":{"@id":"https:\/\/mattmrozowsky.com\/shop\/student-registration\/#breadcrumb"},"inLanguage":"en-US","potentialAction":[{"@type":"ReadAction","target":["https:\/\/mattmrozowsky.com\/shop\/student-registration\/"]}]},{"@type":"BreadcrumbList","@id":"https:\/\/mattmrozowsky.com\/shop\/student-registration\/#breadcrumb","itemListElement":[{"@type":"ListItem","position":1,"name":"Home","item":"https:\/\/mattmrozowsky.com\/shop\/"},{"@type":"ListItem","position":2,"name":"Student registration"}]},{"@type":"WebSite","@id":"https:\/\/mattmrozowsky.com\/shop\/#website","url":"https:\/\/mattmrozowsky.com\/shop\/","name":"Matt Mrozowsky Business Trainer","description":"Walcz\u0119 o wynik dla firm z kt\u00f3rymi wsp\u00f3\u0142pracuj\u0119.","publisher":{"@id":"https:\/\/mattmrozowsky.com\/shop\/#organization"},"potentialAction":[{"@type":"SearchAction","target":{"@type":"EntryPoint","urlTemplate":"https:\/\/mattmrozowsky.com\/shop\/?s={search_term_string}"},"query-input":{"@type":"PropertyValueSpecification","valueRequired":true,"valueName":"search_term_string"}}],"inLanguage":"en-US"},{"@type":"Organization","@id":"https:\/\/mattmrozowsky.com\/shop\/#organization","name":"Matt Mrozowsky Business Trainer","url":"https:\/\/mattmrozowsky.com\/shop\/","logo":{"@type":"ImageObject","inLanguage":"en-US","@id":"https:\/\/mattmrozowsky.com\/shop\/#\/schema\/logo\/image\/","url":"https:\/\/mattmrozowsky.com\/shop\/wp-content\/uploads\/2023\/05\/logo-mattmrozowsky-black.png","contentUrl":"https:\/\/mattmrozowsky.com\/shop\/wp-content\/uploads\/2023\/05\/logo-mattmrozowsky-black.png","width":202,"height":58,"caption":"Matt Mrozowsky Business Trainer"},"image":{"@id":"https:\/\/mattmrozowsky.com\/shop\/#\/schema\/logo\/image\/"}}]}},"_links":{"self":[{"href":"https:\/\/mattmrozowsky.com\/shop\/wp-json\/wp\/v2\/pages\/87101","targetHints":{"allow":["GET"]}}],"collection":[{"href":"https:\/\/mattmrozowsky.com\/shop\/wp-json\/wp\/v2\/pages"}],"about":[{"href":"https:\/\/mattmrozowsky.com\/shop\/wp-json\/wp\/v2\/types\/page"}],"author":[{"embeddable":true,"href":"https:\/\/mattmrozowsky.com\/shop\/wp-json\/wp\/v2\/users\/2625"}],"replies":[{"embeddable":true,"href":"https:\/\/mattmrozowsky.com\/shop\/wp-json\/wp\/v2\/comments?post=87101"}],"version-history":[{"count":1,"href":"https:\/\/mattmrozowsky.com\/shop\/wp-json\/wp\/v2\/pages\/87101\/revisions"}],"predecessor-version":[{"id":87103,"href":"https:\/\/mattmrozowsky.com\/shop\/wp-json\/wp\/v2\/pages\/87101\/revisions\/87103"}],"wp:attachment":[{"href":"https:\/\/mattmrozowsky.com\/shop\/wp-json\/wp\/v2\/media?parent=87101"}],"curies":[{"name":"wp","href":"https:\/\/api.w.org\/{rel}","templated":true}]}}