{"id":78375,"date":"2022-12-14T16:51:16","date_gmt":"2022-12-14T16:51:16","guid":{"rendered":"https:\/\/mattmrozowsky.com\/shop\/?page_id=78375"},"modified":"2023-05-25T09:54:52","modified_gmt":"2023-05-25T09:54:52","slug":"dashboard","status":"publish","type":"page","link":"https:\/\/mattmrozowsky.com\/shop\/dashboard\/","title":{"rendered":"Dashboard"},"content":{"rendered":"Please <a data-login_url=\"\" href=\"#\" class=\"tutor-open-login-modal\">Sign-In<\/a> to view this page","protected":false},"excerpt":{"rendered":"<p>Please Sign-In to view this page<\/p>\n","protected":false},"author":2625,"featured_media":0,"parent":0,"menu_order":0,"comment_status":"closed","ping_status":"closed","template":"","meta":{"_acf_changed":false,"content-type":"","footnotes":""},"class_list":["post-78375","page","type-page","status-publish","hentry"],"acf":[],"yoast_head":"<!-- This site is optimized with the Yoast SEO plugin v27.3 - https:\/\/yoast.com\/product\/yoast-seo-wordpress\/ -->\n<title>Dashboard - Matt Mrozowsky Business Trainer<\/title>\n<meta name=\"robots\" content=\"noindex, nofollow\" \/>\n<meta property=\"og:locale\" content=\"en_US\" \/>\n<meta property=\"og:type\" content=\"article\" \/>\n<meta property=\"og:title\" content=\"Dashboard - Matt Mrozowsky Business Trainer\" \/>\n<meta property=\"og:description\" content=\"Please Sign-In to view this page\" \/>\n<meta property=\"og:url\" content=\"https:\/\/mattmrozowsky.com\/shop\/dashboard\/\" \/>\n<meta property=\"og:site_name\" content=\"Matt Mrozowsky Business Trainer\" \/>\n<meta property=\"article:modified_time\" content=\"2023-05-25T09:54:52+00:00\" \/>\n<meta name=\"twitter:card\" content=\"summary_large_image\" \/>\n<script type=\"application\/ld+json\" class=\"yoast-schema-graph\">{\"@context\":\"https:\\\/\\\/schema.org\",\"@graph\":[{\"@type\":\"WebPage\",\"@id\":\"https:\\\/\\\/mattmrozowsky.com\\\/shop\\\/dashboard\\\/\",\"url\":\"https:\\\/\\\/mattmrozowsky.com\\\/shop\\\/dashboard\\\/\",\"name\":\"Dashboard - Matt Mrozowsky Business Trainer\",\"isPartOf\":{\"@id\":\"https:\\\/\\\/mattmrozowsky.com\\\/shop\\\/#website\"},\"datePublished\":\"2022-12-14T16:51:16+00:00\",\"dateModified\":\"2023-05-25T09:54:52+00:00\",\"breadcrumb\":{\"@id\":\"https:\\\/\\\/mattmrozowsky.com\\\/shop\\\/dashboard\\\/#breadcrumb\"},\"inLanguage\":\"en-US\",\"potentialAction\":[{\"@type\":\"ReadAction\",\"target\":[\"https:\\\/\\\/mattmrozowsky.com\\\/shop\\\/dashboard\\\/\"]}]},{\"@type\":\"BreadcrumbList\",\"@id\":\"https:\\\/\\\/mattmrozowsky.com\\\/shop\\\/dashboard\\\/#breadcrumb\",\"itemListElement\":[{\"@type\":\"ListItem\",\"position\":1,\"name\":\"Home\",\"item\":\"https:\\\/\\\/mattmrozowsky.com\\\/shop\\\/\"},{\"@type\":\"ListItem\",\"position\":2,\"name\":\"Dashboard\"}]},{\"@type\":\"WebSite\",\"@id\":\"https:\\\/\\\/mattmrozowsky.com\\\/shop\\\/#website\",\"url\":\"https:\\\/\\\/mattmrozowsky.com\\\/shop\\\/\",\"name\":\"Matt Mrozowsky Business Trainer\",\"description\":\"Walcz\u0119 o wynik dla firm z kt\u00f3rymi wsp\u00f3\u0142pracuj\u0119.\",\"publisher\":{\"@id\":\"https:\\\/\\\/mattmrozowsky.com\\\/shop\\\/#organization\"},\"potentialAction\":[{\"@type\":\"SearchAction\",\"target\":{\"@type\":\"EntryPoint\",\"urlTemplate\":\"https:\\\/\\\/mattmrozowsky.com\\\/shop\\\/?s={search_term_string}\"},\"query-input\":{\"@type\":\"PropertyValueSpecification\",\"valueRequired\":true,\"valueName\":\"search_term_string\"}}],\"inLanguage\":\"en-US\"},{\"@type\":\"Organization\",\"@id\":\"https:\\\/\\\/mattmrozowsky.com\\\/shop\\\/#organization\",\"name\":\"Matt Mrozowsky Business Trainer\",\"url\":\"https:\\\/\\\/mattmrozowsky.com\\\/shop\\\/\",\"logo\":{\"@type\":\"ImageObject\",\"inLanguage\":\"en-US\",\"@id\":\"https:\\\/\\\/mattmrozowsky.com\\\/shop\\\/#\\\/schema\\\/logo\\\/image\\\/\",\"url\":\"https:\\\/\\\/mattmrozowsky.com\\\/shop\\\/wp-content\\\/uploads\\\/2023\\\/05\\\/logo-mattmrozowsky-black.png\",\"contentUrl\":\"https:\\\/\\\/mattmrozowsky.com\\\/shop\\\/wp-content\\\/uploads\\\/2023\\\/05\\\/logo-mattmrozowsky-black.png\",\"width\":202,\"height\":58,\"caption\":\"Matt Mrozowsky Business Trainer\"},\"image\":{\"@id\":\"https:\\\/\\\/mattmrozowsky.com\\\/shop\\\/#\\\/schema\\\/logo\\\/image\\\/\"}}]}<\/script>\n<!-- \/ Yoast SEO plugin. -->","yoast_head_json":{"title":"Dashboard - Matt Mrozowsky Business Trainer","robots":{"index":"noindex","follow":"nofollow"},"og_locale":"en_US","og_type":"article","og_title":"Dashboard - Matt Mrozowsky Business Trainer","og_description":"Please Sign-In to view this page","og_url":"https:\/\/mattmrozowsky.com\/shop\/dashboard\/","og_site_name":"Matt Mrozowsky Business Trainer","article_modified_time":"2023-05-25T09:54:52+00:00","twitter_card":"summary_large_image","schema":{"@context":"https:\/\/schema.org","@graph":[{"@type":"WebPage","@id":"https:\/\/mattmrozowsky.com\/shop\/dashboard\/","url":"https:\/\/mattmrozowsky.com\/shop\/dashboard\/","name":"Dashboard - Matt Mrozowsky Business Trainer","isPartOf":{"@id":"https:\/\/mattmrozowsky.com\/shop\/#website"},"datePublished":"2022-12-14T16:51:16+00:00","dateModified":"2023-05-25T09:54:52+00:00","breadcrumb":{"@id":"https:\/\/mattmrozowsky.com\/shop\/dashboard\/#breadcrumb"},"inLanguage":"en-US","potentialAction":[{"@type":"ReadAction","target":["https:\/\/mattmrozowsky.com\/shop\/dashboard\/"]}]},{"@type":"BreadcrumbList","@id":"https:\/\/mattmrozowsky.com\/shop\/dashboard\/#breadcrumb","itemListElement":[{"@type":"ListItem","position":1,"name":"Home","item":"https:\/\/mattmrozowsky.com\/shop\/"},{"@type":"ListItem","position":2,"name":"Dashboard"}]},{"@type":"WebSite","@id":"https:\/\/mattmrozowsky.com\/shop\/#website","url":"https:\/\/mattmrozowsky.com\/shop\/","name":"Matt Mrozowsky Business Trainer","description":"Walcz\u0119 o wynik dla firm z kt\u00f3rymi wsp\u00f3\u0142pracuj\u0119.","publisher":{"@id":"https:\/\/mattmrozowsky.com\/shop\/#organization"},"potentialAction":[{"@type":"SearchAction","target":{"@type":"EntryPoint","urlTemplate":"https:\/\/mattmrozowsky.com\/shop\/?s={search_term_string}"},"query-input":{"@type":"PropertyValueSpecification","valueRequired":true,"valueName":"search_term_string"}}],"inLanguage":"en-US"},{"@type":"Organization","@id":"https:\/\/mattmrozowsky.com\/shop\/#organization","name":"Matt Mrozowsky Business Trainer","url":"https:\/\/mattmrozowsky.com\/shop\/","logo":{"@type":"ImageObject","inLanguage":"en-US","@id":"https:\/\/mattmrozowsky.com\/shop\/#\/schema\/logo\/image\/","url":"https:\/\/mattmrozowsky.com\/shop\/wp-content\/uploads\/2023\/05\/logo-mattmrozowsky-black.png","contentUrl":"https:\/\/mattmrozowsky.com\/shop\/wp-content\/uploads\/2023\/05\/logo-mattmrozowsky-black.png","width":202,"height":58,"caption":"Matt Mrozowsky Business Trainer"},"image":{"@id":"https:\/\/mattmrozowsky.com\/shop\/#\/schema\/logo\/image\/"}}]}},"_links":{"self":[{"href":"https:\/\/mattmrozowsky.com\/shop\/wp-json\/wp\/v2\/pages\/78375","targetHints":{"allow":["GET"]}}],"collection":[{"href":"https:\/\/mattmrozowsky.com\/shop\/wp-json\/wp\/v2\/pages"}],"about":[{"href":"https:\/\/mattmrozowsky.com\/shop\/wp-json\/wp\/v2\/types\/page"}],"author":[{"embeddable":true,"href":"https:\/\/mattmrozowsky.com\/shop\/wp-json\/wp\/v2\/users\/2625"}],"replies":[{"embeddable":true,"href":"https:\/\/mattmrozowsky.com\/shop\/wp-json\/wp\/v2\/comments?post=78375"}],"version-history":[{"count":2,"href":"https:\/\/mattmrozowsky.com\/shop\/wp-json\/wp\/v2\/pages\/78375\/revisions"}],"predecessor-version":[{"id":87100,"href":"https:\/\/mattmrozowsky.com\/shop\/wp-json\/wp\/v2\/pages\/78375\/revisions\/87100"}],"wp:attachment":[{"href":"https:\/\/mattmrozowsky.com\/shop\/wp-json\/wp\/v2\/media?parent=78375"}],"curies":[{"name":"wp","href":"https:\/\/api.w.org\/{rel}","templated":true}]}}